{"id":1660,"date":"2025-10-30T10:38:11","date_gmt":"2025-10-30T10:38:11","guid":{"rendered":"https:\/\/dharmaresort.ee\/seasonal\/"},"modified":"2026-02-02T09:58:19","modified_gmt":"2026-02-02T09:58:19","slug":"saisonale-notiz","status":"publish","type":"page","link":"https:\/\/dharmaresort.ee\/de\/saisonale-notiz\/","title":{"rendered":"Saisonale notiz"},"content":{"rendered":"\n<div class=\"wp-block-cover alignfull\"><img loading=\"lazy\" decoding=\"async\" width=\"2560\" height=\"1917\" class=\"wp-block-cover__image-background wp-image-817 size-full\" alt=\"\" src=\"https:\/\/dharmaresort.ee\/wp-content\/uploads\/2025\/08\/Dharma-Resort-Summer-Photos-June-2025-8-scaled.jpg\" data-object-fit=\"cover\" srcset=\"https:\/\/dharmaresort.ee\/wp-content\/uploads\/2025\/08\/Dharma-Resort-Summer-Photos-June-2025-8-scaled.jpg 2560w, https:\/\/dharmaresort.ee\/wp-content\/uploads\/2025\/08\/Dharma-Resort-Summer-Photos-June-2025-8-300x225.jpg 300w, https:\/\/dharmaresort.ee\/wp-content\/uploads\/2025\/08\/Dharma-Resort-Summer-Photos-June-2025-8-1024x767.jpg 1024w, https:\/\/dharmaresort.ee\/wp-content\/uploads\/2025\/08\/Dharma-Resort-Summer-Photos-June-2025-8-768x575.jpg 768w, https:\/\/dharmaresort.ee\/wp-content\/uploads\/2025\/08\/Dharma-Resort-Summer-Photos-June-2025-8-1536x1150.jpg 1536w, https:\/\/dharmaresort.ee\/wp-content\/uploads\/2025\/08\/Dharma-Resort-Summer-Photos-June-2025-8-2048x1534.jpg 2048w, https:\/\/dharmaresort.ee\/wp-content\/uploads\/2025\/08\/Dharma-Resort-Summer-Photos-June-2025-8-1568x1174.jpg 1568w\" sizes=\"auto, (max-width: 2560px) 100vw, 2560px\" \/><span aria-hidden=\"true\" class=\"wp-block-cover__background has-background-dim-0 has-background-dim\"><\/span><div class=\"wp-block-cover__inner-container is-layout-flow wp-block-cover-is-layout-flow\">\n<p class=\"has-text-align-center has-large-font-size\"><\/p>\n<\/div><\/div>\n\n\n\n<div style=\"height:40px\" aria-hidden=\"true\" class=\"wp-block-spacer mobile-spacer-5\"><\/div>\n\n\n\n<h1 class=\"wp-block-heading has-text-align-center\">SAISONALE NOTIZ<\/h1>\n\n\n\n<div style=\"height:40px\" aria-hidden=\"true\" class=\"wp-block-spacer mobile-spacer-5\"><\/div>\n\n\n\n\n\t\t<div class=\"wp-block-edhotels-news custom-three-blocks news auto align\"><div class=\"wp-news-columns\">\n\t\t\t\t\t<div class=\"wp-news-column\">\n\t\t\t\t<div class=\"news-inner\" style=\"background-color: #d4d4d46e;\">\n\t\t\t\t\t<h4>\n\t\t\t\t\t\t<span>16. M\u00e4rz 2026<\/span>\n\t\t\t\t\t<\/h4>\n\t\t\t\t\t<a href=\"https:\/\/dharmaresort.ee\/de\/regeneratives-reisen-auf-der-insel-muhu-ein-sanfter-weg-etwas-zuruckzugeben\/\">\n\t\t\t\t\t\t<figure class=\"wp-block-image\" style=\"height: 230px;\">\n\t\t\t\t\t\t\t<img loading=\"lazy\" decoding=\"async\" width=\"1024\" height=\"767\" src=\"https:\/\/dharmaresort.ee\/wp-content\/uploads\/2026\/03\/Dharma-Resort-Summer-Photos-June-2025-167-1024x767.jpg\" class=\"attachment-large size-large wp-post-image\" alt=\"\" style=\"object-position: 50% 50%;\" srcset=\"https:\/\/dharmaresort.ee\/wp-content\/uploads\/2026\/03\/Dharma-Resort-Summer-Photos-June-2025-167-1024x767.jpg 1024w, https:\/\/dharmaresort.ee\/wp-content\/uploads\/2026\/03\/Dharma-Resort-Summer-Photos-June-2025-167-300x225.jpg 300w, https:\/\/dharmaresort.ee\/wp-content\/uploads\/2026\/03\/Dharma-Resort-Summer-Photos-June-2025-167-768x575.jpg 768w, https:\/\/dharmaresort.ee\/wp-content\/uploads\/2026\/03\/Dharma-Resort-Summer-Photos-June-2025-167-1536x1150.jpg 1536w, https:\/\/dharmaresort.ee\/wp-content\/uploads\/2026\/03\/Dharma-Resort-Summer-Photos-June-2025-167-2048x1534.jpg 2048w, https:\/\/dharmaresort.ee\/wp-content\/uploads\/2026\/03\/Dharma-Resort-Summer-Photos-June-2025-167-1568x1174.jpg 1568w\" sizes=\"auto, (max-width: 1024px) 100vw, 1024px\" \/>\t\t\t\t\t\t<\/figure>\n\t\t\t\t\t<\/a>\n\t\t\t\t\t<div class=\"news-text-wrapper\">\n\t\t\t\t\t\t<h3><a href=\"https:\/\/dharmaresort.ee\/de\/regeneratives-reisen-auf-der-insel-muhu-ein-sanfter-weg-etwas-zuruckzugeben\/\">Regeneratives Reisen auf der Insel Muhu: Ein sanfter Weg, etwas zur\u00fcckzugeben<\/a><\/h3>\n\t\t\t\t\t\t<p><em>\u201cTravel can be more than escape. On <a href=\"https:\/\/en.wikipedia.org\/wiki\/Muhu\">Muhu Island,<\/a> each stay can become a quiet way of giving back \u2014 to nature, to the community, and to yourself.\u201d<\/em><\/p>\n\t\t\t\t\t\t\t\t\t\t\t\t<div class=\"button-wrapper\">\n\t\t\t\t\t\t\t\t\t\t\t\t\t\t\t<div class=\"wp-block-button\">\n\t\t\t\t\t\t\t\t\t<a class=\"wp-block-button__link\" href=\"https:\/\/dharmaresort.ee\/de\/regeneratives-reisen-auf-der-insel-muhu-ein-sanfter-weg-etwas-zuruckzugeben\/\">Read more<\/a>\n\t\t\t\t\t\t\t\t<\/div>\n\t\t\t\t\t\t\t\t\t\t\t\t\t<\/div>\n\t\t\t\t\t\t\t\t\t\t\t<\/div>\n\t\t\t\t<\/div>\n\t\t\t<\/div>\n\t\t\t\t\t\t<div class=\"wp-news-column\">\n\t\t\t\t<div class=\"news-inner\" style=\"background-color: #d4d4d46e;\">\n\t\t\t\t\t<h4>\n\t\t\t\t\t\t<span>19. Oktober 2025<\/span>\n\t\t\t\t\t<\/h4>\n\t\t\t\t\t<a href=\"https:\/\/dharmaresort.ee\/de\/herbst-wellness-retreat-in-estland\/\">\n\t\t\t\t\t\t<figure class=\"wp-block-image\" style=\"height: 230px;\">\n\t\t\t\t\t\t\t<img loading=\"lazy\" decoding=\"async\" width=\"768\" height=\"1024\" src=\"https:\/\/dharmaresort.ee\/wp-content\/uploads\/2025\/10\/IMG_5573-1-768x1024.jpeg\" class=\"attachment-large size-large wp-post-image\" alt=\"\" style=\"object-position: 50% 50%;\" srcset=\"https:\/\/dharmaresort.ee\/wp-content\/uploads\/2025\/10\/IMG_5573-1-768x1024.jpeg 768w, https:\/\/dharmaresort.ee\/wp-content\/uploads\/2025\/10\/IMG_5573-1-225x300.jpeg 225w, https:\/\/dharmaresort.ee\/wp-content\/uploads\/2025\/10\/IMG_5573-1-1152x1536.jpeg 1152w, https:\/\/dharmaresort.ee\/wp-content\/uploads\/2025\/10\/IMG_5573-1.jpeg 1512w\" sizes=\"auto, (max-width: 768px) 100vw, 768px\" \/>\t\t\t\t\t\t<\/figure>\n\t\t\t\t\t<\/a>\n\t\t\t\t\t<div class=\"news-text-wrapper\">\n\t\t\t\t\t\t<h3><a href=\"https:\/\/dharmaresort.ee\/de\/herbst-wellness-retreat-in-estland\/\">Herbst-Wellness-Retreat in Estland<\/a><\/h3>\n\t\t\t\t\t\t<p>Nebelverhangene W\u00e4lder, Sauna-Rituale und gem\u00e4chliche Morgenstunden im Dharma Resort Wenn der Herbst auf der Insel Muhu Einzug h\u00e4lt, f\u00e4rbt sich der Wald goldgelb.\u00a0<\/p>\n\t\t\t\t\t\t\t\t\t\t\t<\/div>\n\t\t\t\t<\/div>\n\t\t\t<\/div>\n\t\t\t\t\t\t<div class=\"wp-news-column\">\n\t\t\t\t<div class=\"news-inner\" style=\"background-color: #d4d4d46e;\">\n\t\t\t\t\t<h4>\n\t\t\t\t\t\t<span>22. August 2025<\/span>\n\t\t\t\t\t<\/h4>\n\t\t\t\t\t<a href=\"https:\/\/dharmaresort.ee\/de\/eine-art-mit-dem-leben-zu-fliessen\/\">\n\t\t\t\t\t\t<figure class=\"wp-block-image\" style=\"height: 230px;\">\n\t\t\t\t\t\t\t<img loading=\"lazy\" decoding=\"async\" width=\"1024\" height=\"767\" src=\"https:\/\/dharmaresort.ee\/wp-content\/uploads\/2025\/06\/Dharma-Resort-Summer-Photos-June-2025-17-1024x767.jpg\" class=\"attachment-large size-large wp-post-image\" alt=\"\" style=\"object-position: 50% 50%;\" srcset=\"https:\/\/dharmaresort.ee\/wp-content\/uploads\/2025\/06\/Dharma-Resort-Summer-Photos-June-2025-17-1024x767.jpg 1024w, https:\/\/dharmaresort.ee\/wp-content\/uploads\/2025\/06\/Dharma-Resort-Summer-Photos-June-2025-17-300x225.jpg 300w, https:\/\/dharmaresort.ee\/wp-content\/uploads\/2025\/06\/Dharma-Resort-Summer-Photos-June-2025-17-768x575.jpg 768w, https:\/\/dharmaresort.ee\/wp-content\/uploads\/2025\/06\/Dharma-Resort-Summer-Photos-June-2025-17-1536x1150.jpg 1536w, https:\/\/dharmaresort.ee\/wp-content\/uploads\/2025\/06\/Dharma-Resort-Summer-Photos-June-2025-17-2048x1534.jpg 2048w, https:\/\/dharmaresort.ee\/wp-content\/uploads\/2025\/06\/Dharma-Resort-Summer-Photos-June-2025-17-1568x1174.jpg 1568w\" sizes=\"auto, (max-width: 1024px) 100vw, 1024px\" \/>\t\t\t\t\t\t<\/figure>\n\t\t\t\t\t<\/a>\n\t\t\t\t\t<div class=\"news-text-wrapper\">\n\t\t\t\t\t\t<h3><a href=\"https:\/\/dharmaresort.ee\/de\/eine-art-mit-dem-leben-zu-fliessen\/\">Eine Art, mit dem leben zu fliessen<\/a><\/h3>\n\t\t\t\t\t\t<p>Es gibt Momente im Leben, in denen sich alles schwer anf\u00fchlt. Anstrengung gegen Anstrengung, ein Schritt vorw\u00e4rts und zwei Schritte zur\u00fcck.<\/p>\n\t\t\t\t\t\t\t\t\t\t\t<\/div>\n\t\t\t\t<\/div>\n\t\t\t<\/div>\n\t\t\t\t\t\t<div class=\"wp-news-column\">\n\t\t\t\t<div class=\"news-inner\" style=\"background-color: #d4d4d46e;\">\n\t\t\t\t\t<h4>\n\t\t\t\t\t\t<span>21. August 2025<\/span>\n\t\t\t\t\t<\/h4>\n\t\t\t\t\t<a href=\"https:\/\/dharmaresort.ee\/de\/the-dharma-wheel\/\">\n\t\t\t\t\t\t<figure class=\"wp-block-image\" style=\"height: 230px;\">\n\t\t\t\t\t\t\t<img loading=\"lazy\" decoding=\"async\" width=\"882\" height=\"841\" src=\"https:\/\/dharmaresort.ee\/wp-content\/uploads\/2025\/08\/Wheel-logo.png\" class=\"attachment-large size-large wp-post-image\" alt=\"\" style=\"object-position: 50% 50%;\" srcset=\"https:\/\/dharmaresort.ee\/wp-content\/uploads\/2025\/08\/Wheel-logo.png 882w, https:\/\/dharmaresort.ee\/wp-content\/uploads\/2025\/08\/Wheel-logo-300x286.png 300w, https:\/\/dharmaresort.ee\/wp-content\/uploads\/2025\/08\/Wheel-logo-768x732.png 768w\" sizes=\"auto, (max-width: 882px) 100vw, 882px\" \/>\t\t\t\t\t\t<\/figure>\n\t\t\t\t\t<\/a>\n\t\t\t\t\t<div class=\"news-text-wrapper\">\n\t\t\t\t\t\t<h3><a href=\"https:\/\/dharmaresort.ee\/de\/the-dharma-wheel\/\">Das Dharma-Rad<\/a><\/h3>\n\t\t\t\t\t\t<p>Haben Sie jemals den Wechsel der Jahreszeiten beobachtet? Die Bl\u00e4tter fallen, der Schnee schmilzt und die Sonne geht wieder auf.<\/p>\n<p>&nbsp;<\/p>\n<p>&nbsp;<\/p>\n\t\t\t\t\t\t\t\t\t\t\t<\/div>\n\t\t\t\t<\/div>\n\t\t\t<\/div>\n\t\t\t\t\t<\/div><\/div>\n\t\n\n\n<div style=\"height:40px\" aria-hidden=\"true\" class=\"wp-block-spacer mobile-spacer-5\"><\/div>\n\n\n\n<figure class=\"wp-block-image aligncenter size-thumbnail is-resized\"><img loading=\"lazy\" decoding=\"async\" width=\"150\" height=\"150\" src=\"https:\/\/dharmaresort.ee\/wp-content\/uploads\/2024\/07\/pattern_gold-150x150.png\" alt=\"\" class=\"wp-image-102\" style=\"width:70px\" srcset=\"https:\/\/dharmaresort.ee\/wp-content\/uploads\/2024\/07\/pattern_gold-150x150.png 150w, https:\/\/dharmaresort.ee\/wp-content\/uploads\/2024\/07\/pattern_gold.png 316w\" sizes=\"auto, (max-width: 150px) 100vw, 150px\" \/><\/figure>\n\n\n\n<div style=\"height:40px\" aria-hidden=\"true\" class=\"wp-block-spacer mobile-spacer-5\"><\/div>\n\n\n\n<p><\/p>\n","protected":false},"excerpt":{"rendered":"<p>SAISONALE NOTIZ<\/p>\n","protected":false},"author":2,"featured_media":0,"parent":0,"menu_order":0,"comment_status":"closed","ping_status":"closed","template":"","meta":{"footnotes":""},"class_list":["post-1660","page","type-page","status-publish","hentry"],"yoast_head":"<!-- This site is optimized with the Yoast SEO plugin v27.5 - https:\/\/yoast.com\/product\/yoast-seo-wordpress\/ -->\n<title>Saisonale notiz | Dharma Resort<\/title>\n<meta name=\"description\" content=\"Explore the Dharma Journal \u2014 a collection of stories, reflections, and seasonal notes inspired by life at our sanctuary on Muhu Estonia.\" \/>\n<meta name=\"robots\" content=\"index, follow, max-snippet:-1, max-image-preview:large, max-video-preview:-1\" \/>\n<link rel=\"canonical\" href=\"https:\/\/dharmaresort.ee\/de\/saisonale-notiz\/\" \/>\n<meta property=\"og:locale\" content=\"de_DE\" \/>\n<meta property=\"og:type\" content=\"article\" \/>\n<meta property=\"og:title\" content=\"Saisonale notiz | Dharma Resort\" \/>\n<meta property=\"og:description\" content=\"Explore the Dharma Journal \u2014 a collection of stories, reflections, and seasonal notes inspired by life at our sanctuary on Muhu Estonia.\" \/>\n<meta property=\"og:url\" content=\"https:\/\/dharmaresort.ee\/de\/saisonale-notiz\/\" \/>\n<meta property=\"og:site_name\" content=\"Dharma Resort\" \/>\n<meta property=\"article:modified_time\" content=\"2026-02-02T09:58:19+00:00\" \/>\n<meta property=\"og:image\" content=\"https:\/\/dharmaresort.ee\/wp-content\/uploads\/2025\/08\/Dharma-Resort-Summer-Photos-June-2025-8-scaled.jpg\" \/>\n\t<meta property=\"og:image:width\" content=\"2560\" \/>\n\t<meta property=\"og:image:height\" content=\"1917\" \/>\n\t<meta property=\"og:image:type\" content=\"image\/jpeg\" \/>\n<meta name=\"twitter:card\" content=\"summary_large_image\" \/>\n<meta name=\"twitter:label1\" content=\"Gesch\u00e4tzte Lesezeit\" \/>\n\t<meta name=\"twitter:data1\" content=\"1\u00a0Minute\" \/>\n<script type=\"application\/ld+json\" class=\"yoast-schema-graph\">{\"@context\":\"https:\\\/\\\/schema.org\",\"@graph\":[{\"@type\":\"WebPage\",\"@id\":\"https:\\\/\\\/dharmaresort.ee\\\/de\\\/saisonale-notiz\\\/\",\"url\":\"https:\\\/\\\/dharmaresort.ee\\\/de\\\/saisonale-notiz\\\/\",\"name\":\"Saisonale notiz | Dharma Resort\",\"isPartOf\":{\"@id\":\"https:\\\/\\\/dharmaresort.ee\\\/#website\"},\"primaryImageOfPage\":{\"@id\":\"https:\\\/\\\/dharmaresort.ee\\\/de\\\/saisonale-notiz\\\/#primaryimage\"},\"image\":{\"@id\":\"https:\\\/\\\/dharmaresort.ee\\\/de\\\/saisonale-notiz\\\/#primaryimage\"},\"thumbnailUrl\":\"https:\\\/\\\/dharmaresort.ee\\\/wp-content\\\/uploads\\\/2025\\\/08\\\/Dharma-Resort-Summer-Photos-June-2025-8-scaled.jpg\",\"datePublished\":\"2025-10-30T10:38:11+00:00\",\"dateModified\":\"2026-02-02T09:58:19+00:00\",\"description\":\"Explore the Dharma Journal \u2014 a collection of stories, reflections, and seasonal notes inspired by life at our sanctuary on Muhu Estonia.\",\"breadcrumb\":{\"@id\":\"https:\\\/\\\/dharmaresort.ee\\\/de\\\/saisonale-notiz\\\/#breadcrumb\"},\"inLanguage\":\"de\",\"potentialAction\":[{\"@type\":\"ReadAction\",\"target\":[\"https:\\\/\\\/dharmaresort.ee\\\/de\\\/saisonale-notiz\\\/\"]}]},{\"@type\":\"ImageObject\",\"inLanguage\":\"de\",\"@id\":\"https:\\\/\\\/dharmaresort.ee\\\/de\\\/saisonale-notiz\\\/#primaryimage\",\"url\":\"https:\\\/\\\/dharmaresort.ee\\\/wp-content\\\/uploads\\\/2025\\\/08\\\/Dharma-Resort-Summer-Photos-June-2025-8-scaled.jpg\",\"contentUrl\":\"https:\\\/\\\/dharmaresort.ee\\\/wp-content\\\/uploads\\\/2025\\\/08\\\/Dharma-Resort-Summer-Photos-June-2025-8-scaled.jpg\"},{\"@type\":\"BreadcrumbList\",\"@id\":\"https:\\\/\\\/dharmaresort.ee\\\/de\\\/saisonale-notiz\\\/#breadcrumb\",\"itemListElement\":[{\"@type\":\"ListItem\",\"position\":1,\"name\":\"Home\",\"item\":\"https:\\\/\\\/dharmaresort.ee\\\/de\\\/\"},{\"@type\":\"ListItem\",\"position\":2,\"name\":\"Saisonale notiz\"}]},{\"@type\":\"WebSite\",\"@id\":\"https:\\\/\\\/dharmaresort.ee\\\/#website\",\"url\":\"https:\\\/\\\/dharmaresort.ee\\\/\",\"name\":\"Dharma Resort - Resort in Muhumaa I Saaremaa\",\"description\":\"\",\"potentialAction\":[{\"@type\":\"SearchAction\",\"target\":{\"@type\":\"EntryPoint\",\"urlTemplate\":\"https:\\\/\\\/dharmaresort.ee\\\/?s={search_term_string}\"},\"query-input\":{\"@type\":\"PropertyValueSpecification\",\"valueRequired\":true,\"valueName\":\"search_term_string\"}}],\"inLanguage\":\"de\"}]}<\/script>\n<!-- \/ Yoast SEO plugin. -->","yoast_head_json":{"title":"Saisonale notiz | Dharma Resort","description":"Explore the Dharma Journal \u2014 a collection of stories, reflections, and seasonal notes inspired by life at our sanctuary on Muhu Estonia.","robots":{"index":"index","follow":"follow","max-snippet":"max-snippet:-1","max-image-preview":"max-image-preview:large","max-video-preview":"max-video-preview:-1"},"canonical":"https:\/\/dharmaresort.ee\/de\/saisonale-notiz\/","og_locale":"de_DE","og_type":"article","og_title":"Saisonale notiz | Dharma Resort","og_description":"Explore the Dharma Journal \u2014 a collection of stories, reflections, and seasonal notes inspired by life at our sanctuary on Muhu Estonia.","og_url":"https:\/\/dharmaresort.ee\/de\/saisonale-notiz\/","og_site_name":"Dharma Resort","article_modified_time":"2026-02-02T09:58:19+00:00","og_image":[{"width":2560,"height":1917,"url":"https:\/\/dharmaresort.ee\/wp-content\/uploads\/2025\/08\/Dharma-Resort-Summer-Photos-June-2025-8-scaled.jpg","type":"image\/jpeg"}],"twitter_card":"summary_large_image","twitter_misc":{"Gesch\u00e4tzte Lesezeit":"1\u00a0Minute"},"schema":{"@context":"https:\/\/schema.org","@graph":[{"@type":"WebPage","@id":"https:\/\/dharmaresort.ee\/de\/saisonale-notiz\/","url":"https:\/\/dharmaresort.ee\/de\/saisonale-notiz\/","name":"Saisonale notiz | Dharma Resort","isPartOf":{"@id":"https:\/\/dharmaresort.ee\/#website"},"primaryImageOfPage":{"@id":"https:\/\/dharmaresort.ee\/de\/saisonale-notiz\/#primaryimage"},"image":{"@id":"https:\/\/dharmaresort.ee\/de\/saisonale-notiz\/#primaryimage"},"thumbnailUrl":"https:\/\/dharmaresort.ee\/wp-content\/uploads\/2025\/08\/Dharma-Resort-Summer-Photos-June-2025-8-scaled.jpg","datePublished":"2025-10-30T10:38:11+00:00","dateModified":"2026-02-02T09:58:19+00:00","description":"Explore the Dharma Journal \u2014 a collection of stories, reflections, and seasonal notes inspired by life at our sanctuary on Muhu Estonia.","breadcrumb":{"@id":"https:\/\/dharmaresort.ee\/de\/saisonale-notiz\/#breadcrumb"},"inLanguage":"de","potentialAction":[{"@type":"ReadAction","target":["https:\/\/dharmaresort.ee\/de\/saisonale-notiz\/"]}]},{"@type":"ImageObject","inLanguage":"de","@id":"https:\/\/dharmaresort.ee\/de\/saisonale-notiz\/#primaryimage","url":"https:\/\/dharmaresort.ee\/wp-content\/uploads\/2025\/08\/Dharma-Resort-Summer-Photos-June-2025-8-scaled.jpg","contentUrl":"https:\/\/dharmaresort.ee\/wp-content\/uploads\/2025\/08\/Dharma-Resort-Summer-Photos-June-2025-8-scaled.jpg"},{"@type":"BreadcrumbList","@id":"https:\/\/dharmaresort.ee\/de\/saisonale-notiz\/#breadcrumb","itemListElement":[{"@type":"ListItem","position":1,"name":"Home","item":"https:\/\/dharmaresort.ee\/de\/"},{"@type":"ListItem","position":2,"name":"Saisonale notiz"}]},{"@type":"WebSite","@id":"https:\/\/dharmaresort.ee\/#website","url":"https:\/\/dharmaresort.ee\/","name":"Dharma Resort - Resort in Muhumaa I Saaremaa","description":"","potentialAction":[{"@type":"SearchAction","target":{"@type":"EntryPoint","urlTemplate":"https:\/\/dharmaresort.ee\/?s={search_term_string}"},"query-input":{"@type":"PropertyValueSpecification","valueRequired":true,"valueName":"search_term_string"}}],"inLanguage":"de"}]}},"_links":{"self":[{"href":"https:\/\/dharmaresort.ee\/de\/wp-json\/wp\/v2\/pages\/1660","targetHints":{"allow":["GET"]}}],"collection":[{"href":"https:\/\/dharmaresort.ee\/de\/wp-json\/wp\/v2\/pages"}],"about":[{"href":"https:\/\/dharmaresort.ee\/de\/wp-json\/wp\/v2\/types\/page"}],"author":[{"embeddable":true,"href":"https:\/\/dharmaresort.ee\/de\/wp-json\/wp\/v2\/users\/2"}],"replies":[{"embeddable":true,"href":"https:\/\/dharmaresort.ee\/de\/wp-json\/wp\/v2\/comments?post=1660"}],"version-history":[{"count":1,"href":"https:\/\/dharmaresort.ee\/de\/wp-json\/wp\/v2\/pages\/1660\/revisions"}],"predecessor-version":[{"id":1661,"href":"https:\/\/dharmaresort.ee\/de\/wp-json\/wp\/v2\/pages\/1660\/revisions\/1661"}],"wp:attachment":[{"href":"https:\/\/dharmaresort.ee\/de\/wp-json\/wp\/v2\/media?parent=1660"}],"curies":[{"name":"wp","href":"https:\/\/api.w.org\/{rel}","templated":true}]}}