{"id":1500,"date":"2024-09-03T10:13:51","date_gmt":"2024-09-03T10:13:51","guid":{"rendered":"https:\/\/dharmaresort.ee\/our-sanctuaries\/"},"modified":"2026-04-23T10:19:06","modified_gmt":"2026-04-23T10:19:06","slug":"unsere-refugien","status":"publish","type":"page","link":"https:\/\/dharmaresort.ee\/de\/unsere-refugien\/","title":{"rendered":"UNSERE REFUGIEN"},"content":{"rendered":"\n<div class=\"wp-block-cover alignfull is-light\"><video class=\"wp-block-cover__video-background intrinsic-ignore\" autoplay muted loop playsinline src=\"https:\/\/dharmaresort.ee\/wp-content\/uploads\/2026\/04\/Untitled-design-2.mp4\" data-object-fit=\"cover\"><\/video><span aria-hidden=\"true\" class=\"wp-block-cover__background has-black-background-color has-background-dim-10 has-background-dim\"><\/span><div class=\"wp-block-cover__inner-container is-layout-flow wp-block-cover-is-layout-flow\">\n<p class=\"has-text-align-center has-large-font-size\"><\/p>\n<\/div><\/div>\n\n\n\n<div style=\"height:40px\" aria-hidden=\"true\" class=\"wp-block-spacer mobile-spacer-5\"><\/div>\n\n\n\n<p class=\"has-text-align-center\" style=\"font-size:16px\">\u201eEs gibt einen ruhigen Rhythmus, der im Dharma lebt \u2013 einen Atemzug, der durch die B\u00e4ume, das Meer und den Raum dazwischen str\u00f6mt. Hier verlangsamt sich das Leben, und jedes Detail wird von einer einzigen Absicht geleitet: Ihnen dabei zu helfen, zu dem zur\u00fcckzufinden, was wirklich wichtig ist.<\/p>\n\n\n\n<div style=\"height:20px\" aria-hidden=\"true\" class=\"wp-block-spacer mobile-spacer-10\"><\/div>\n\n\n\n<figure class=\"wp-block-image aligncenter size-full is-resized\"><img loading=\"lazy\" decoding=\"async\" width=\"882\" height=\"841\" src=\"https:\/\/dharmaresort.ee\/wp-content\/uploads\/2025\/08\/Wheel-logo.png\" alt=\"\" class=\"wp-image-844\" style=\"width:80px;height:auto\" srcset=\"https:\/\/dharmaresort.ee\/wp-content\/uploads\/2025\/08\/Wheel-logo.png 882w, https:\/\/dharmaresort.ee\/wp-content\/uploads\/2025\/08\/Wheel-logo-300x286.png 300w, https:\/\/dharmaresort.ee\/wp-content\/uploads\/2025\/08\/Wheel-logo-768x732.png 768w\" sizes=\"auto, (max-width: 882px) 100vw, 882px\" \/><\/figure>\n\n\n\n<div style=\"height:20px\" aria-hidden=\"true\" class=\"wp-block-spacer mobile-spacer-10\"><\/div>\n\n\n\n<p class=\"has-text-align-left\" style=\"font-size:15px;letter-spacing:0.5px\">Wir laden Sie ein, den Geist dieses Ortes mit ein paar sanften Erinnerungen an Frieden, Natur und Pr\u00e4senz zu ehren.<\/p>\n\n\n\n<p>\u2748 <strong>Ein Ort der Stille<\/strong><\/p>\n\n\n\n<p style=\"font-size:15px;letter-spacing:0.5px\">Dharma ist kein Ort f\u00fcr Partys oder L\u00e4rm. Es ist eine friedvolle Umgebung, in der Stille, Lachen und Gespr\u00e4che leise nebeneinander bestehen. Wir bitten Sie freundlich, die Umgebung frei von lauter Musik, lauten Feiern oder st\u00f6renden Aktivit\u00e4ten zu halten, damit die Ruhe hier, die hie herrscht, ungest\u00f6rt bleiben kann.<\/p>\n\n\n\n<p>\u273a <strong>F\u00fcr reife Seelen<\/strong><\/p>\n\n\n\n<p style=\"font-size:15px;letter-spacing:0.5px\">Unsere Refugien sind ausschlie\u00dflich f\u00fcr Erwachsene \u2013 f\u00fcr Menschen, die Ruhe, Verbundenheit und Erneuerung suchen. Dieser Ort ist f\u00fcr diejenigen geschaffen, die zuh\u00f6ren, nachdenken \u2013 und einfach nur sein m\u00f6chten.<\/p>\n\n\n\n<p>\u263c <strong>Rauchfreie Luft<\/strong><\/p>\n\n\n\n<p style=\"font-size:15px;letter-spacing:0.5px\">Der Wald atmet mit uns. Um das Land rein und die Luft klar zu halten, ist Dharma eine vollst\u00e4ndig rauchfreie Umgebung.<\/p>\n\n\n\n<p>\u2756<strong>In Einklang mit der Natur leben<\/strong><\/p>\n\n\n\n<p style=\"font-size:15px;letter-spacing:0.5px\">Dies ist ein lebendiges Refugium \u2013 Heimat nicht nur f\u00fcr G\u00e4ste, sondern auch f\u00fcr die wilden Wesen, die diesen Ort mit uns teilen. Um sie zu sch\u00fctzen, nehmen wir keine Haustiere auf. Jedes Ger\u00e4usch und jeder Geruch ist hier wichtig, und je sanfter wir sind, desto n\u00e4her kommt uns die Natur.<\/p>\n\n\n\n<p>\u2726 <strong>Abschalten, um sich wieder zu verbinden<\/strong><\/p>\n\n\n\n<p style=\"font-size:15px;letter-spacing:0.5px\">Wir empfehlen Momente ohne Bildschirme \u2013 lassen Sie Handys, Tablets und Laptops f\u00fcr eine Weile beiseite. Sie finden hier B\u00fccher, Kunstmaterialien, achtsame Spiele und vor allem Pr\u00e4senz. Ihr Gastgeber ist immer in der N\u00e4he \u2013 f\u00fcr Gespr\u00e4che, Reflexion oder gemeinsame Stille in guter Gesellschaft.<\/p>\n\n\n\n<p><strong>\u2318 Einfaches leben<\/strong><\/p>\n\n\n\n<p style=\"font-size:15px;letter-spacing:0.5px\">Bei Dharma ist Einfachheit kein Mangel \u2013 sie ist Freiheit. Bewegen Sie sich langsam, essen Sie achtsam, schlafen Sie tief.Lassen Sie sich vom Tageslicht leiten und laden Sie sich in der Nacht zur Ruhe ein.In der Einfachheit k\u00f6nnen Sie F\u00fclle wiederentdecken.<\/p>\n\n\n\n<p><strong>\u273e Einfach Sein<\/strong><\/p>\n\n\n\n<p style=\"font-size:15px;letter-spacing:0.5px\">Jenseits von allem, was wir anbieten, ist Dharma vor allem eine Einladung \u2013 pr\u00e4sent zu sein, zuzuh\u00f6ren, weich zu werden. Die Natur schenkt uns l\u00e4ngst alles, was wir f\u00fcr Heilung, Erneuerung und Erinnerung brauchen. Wir bitten Sie nur, so zu kommen, wie Sie sind, und die Dinge sich in Harmonie entfalten zu lassen.<\/p>\n\n\n\n<div style=\"height:55px\" aria-hidden=\"true\" class=\"wp-block-spacer mobile-spacer-10\"><\/div>\n\n\n\n<h3 class=\"wp-block-heading has-text-align-center\">UNSERE REFUGIEN<\/h3>\n\n\n\n<figure class=\"wp-block-image aligncenter size-thumbnail is-resized\"><img loading=\"lazy\" decoding=\"async\" width=\"150\" height=\"150\" src=\"https:\/\/dharmaresort.ee\/wp-content\/uploads\/2024\/07\/pattern_gold-150x150.png\" alt=\"\" class=\"wp-image-102\" style=\"width:70px\" srcset=\"https:\/\/dharmaresort.ee\/wp-content\/uploads\/2024\/07\/pattern_gold-150x150.png 150w, https:\/\/dharmaresort.ee\/wp-content\/uploads\/2024\/07\/pattern_gold.png 316w\" sizes=\"auto, (max-width: 150px) 100vw, 150px\" \/><\/figure>\n\n\n\n<div style=\"height:40px\" aria-hidden=\"true\" class=\"wp-block-spacer mobile-spacer-5\"><\/div>\n\n\n\n<div class=\"wp-block-columns alignfull is-layout-flex wp-container-core-columns-is-layout-1bec4d5f wp-block-columns-is-layout-flex\" style=\"padding-top:0;padding-right:var(--wp--preset--spacing--60);padding-bottom:0;padding-left:var(--wp--preset--spacing--60)\">\n<div class=\"wp-block-column is-layout-flow wp-container-core-column-is-layout-69fcd244 wp-block-column-is-layout-flow\" style=\"padding-top:0;padding-right:0;padding-bottom:0;padding-left:0\">\n<div class=\"wp-block-cover\" style=\"padding-right:var(--wp--preset--spacing--40);padding-left:var(--wp--preset--spacing--40);min-height:567px;aspect-ratio:unset;\"><img loading=\"lazy\" decoding=\"async\" width=\"2560\" height=\"1917\" class=\"wp-block-cover__image-background wp-image-727 size-full\" alt=\"\" src=\"https:\/\/dharmaresort.ee\/wp-content\/uploads\/2025\/06\/Dharma-Resort-Summer-Photos-June-2025-23-scaled.jpg\" data-object-fit=\"cover\" srcset=\"https:\/\/dharmaresort.ee\/wp-content\/uploads\/2025\/06\/Dharma-Resort-Summer-Photos-June-2025-23-scaled.jpg 2560w, https:\/\/dharmaresort.ee\/wp-content\/uploads\/2025\/06\/Dharma-Resort-Summer-Photos-June-2025-23-300x225.jpg 300w, https:\/\/dharmaresort.ee\/wp-content\/uploads\/2025\/06\/Dharma-Resort-Summer-Photos-June-2025-23-1024x767.jpg 1024w, https:\/\/dharmaresort.ee\/wp-content\/uploads\/2025\/06\/Dharma-Resort-Summer-Photos-June-2025-23-768x575.jpg 768w, https:\/\/dharmaresort.ee\/wp-content\/uploads\/2025\/06\/Dharma-Resort-Summer-Photos-June-2025-23-1536x1150.jpg 1536w, https:\/\/dharmaresort.ee\/wp-content\/uploads\/2025\/06\/Dharma-Resort-Summer-Photos-June-2025-23-2048x1534.jpg 2048w, https:\/\/dharmaresort.ee\/wp-content\/uploads\/2025\/06\/Dharma-Resort-Summer-Photos-June-2025-23-1568x1174.jpg 1568w\" sizes=\"auto, (max-width: 2560px) 100vw, 2560px\" \/><span aria-hidden=\"true\" class=\"wp-block-cover__background has-background-dim-10 has-background-dim\" style=\"background-color:#a3abae\"><\/span><div class=\"wp-block-cover__inner-container is-layout-flow wp-block-cover-is-layout-flow\">\n<div class=\"wp-block-columns are-vertically-aligned-center is-layout-flex wp-container-core-columns-is-layout-d7d455e7 wp-block-columns-is-layout-flex\" style=\"padding-top:0;padding-right:0;padding-bottom:0;padding-left:0\">\n<div class=\"wp-block-column is-vertically-aligned-center has-white-color has-text-color has-background is-layout-flow wp-block-column-is-layout-flow\" style=\"background-color:#dbd3cccc;padding-top:var(--wp--preset--spacing--40);padding-right:var(--wp--preset--spacing--40);padding-bottom:var(--wp--preset--spacing--40);padding-left:var(--wp--preset--spacing--40);flex-basis:500px\">\n<h3 class=\"wp-block-heading has-text-color has-link-color wp-elements-75a97c96a4781d1a73623e132380c8d8\" style=\"color:#474a4c;font-size:30px\">SAMADHI HOUSE<\/h3>\n\n\n\n<p class=\"has-text-color\" style=\"color:#474a4c;font-size:16px;font-style:normal;font-weight:300\">Dieses Haus basiert auf dem Dharma-Rad-Konzept von Samadhi \u2013 tiefer Konzentration und innerer Fokussierung \u2013 und unterst\u00fctzt Sie auf Ihrem Weg zu geistiger Klarheit.<\/p>\n\n\n\n<p class=\"has-text-color\" style=\"color:#474a4c;font-size:16px;font-style:normal;font-weight:300\">Jedes Element l\u00e4dt zu Ruhe und Achtsamkeit ein. Nat\u00fcrliche Materialien, sanftes Licht und ruhige R\u00e4ume schaffen ein Refugium f\u00fcr Meditation und Besinnung. Hier f\u00e4llt es leicht, sich zu konzentrieren. Ein 200 m langer Holzpfad f\u00fchrt direkt in den Wald \u2013 eine friedvolle Erinnerung an den Rhythmus und den Fluss der Natur.<\/p>\n\n\n\n<div class=\"wp-block-buttons is-layout-flex wp-block-buttons-is-layout-flex\">\n<div class=\"wp-block-button\"><a class=\"wp-block-button__link wp-element-button\" href=\"https:\/\/bouk.io\/booking\/dharma\/633\/rooms?language=ge\" target=\"_blank\" rel=\"noreferrer noopener\">AUFENTHALT ANFRAGEN<\/a><\/div>\n\n\n\n<div class=\"wp-block-button\"><a class=\"wp-block-button__link wp-element-button\" href=\"https:\/\/dharmaresort.ee\/de\/samadhi-house-galerie\/\">GALERIE<\/a><\/div>\n<\/div>\n\n\n\n<p class=\"has-medium-font-size\"><\/p>\n<\/div>\n<\/div>\n<\/div><\/div>\n<\/div>\n\n\n\n<div class=\"wp-block-column is-layout-flow wp-block-column-is-layout-flow\">\n<div class=\"wp-block-cover is-light\" style=\"padding-right:var(--wp--preset--spacing--40);padding-left:var(--wp--preset--spacing--40);min-height:565px;aspect-ratio:unset;\"><img loading=\"lazy\" decoding=\"async\" width=\"2560\" height=\"1917\" class=\"wp-block-cover__image-background wp-image-732 size-full\" alt=\"\" src=\"https:\/\/dharmaresort.ee\/wp-content\/uploads\/2025\/06\/Dharma-Resort-Summer-Photos-June-2025-3-scaled.jpg\" data-object-fit=\"cover\" srcset=\"https:\/\/dharmaresort.ee\/wp-content\/uploads\/2025\/06\/Dharma-Resort-Summer-Photos-June-2025-3-scaled.jpg 2560w, https:\/\/dharmaresort.ee\/wp-content\/uploads\/2025\/06\/Dharma-Resort-Summer-Photos-June-2025-3-300x225.jpg 300w, https:\/\/dharmaresort.ee\/wp-content\/uploads\/2025\/06\/Dharma-Resort-Summer-Photos-June-2025-3-1024x767.jpg 1024w, https:\/\/dharmaresort.ee\/wp-content\/uploads\/2025\/06\/Dharma-Resort-Summer-Photos-June-2025-3-768x575.jpg 768w, https:\/\/dharmaresort.ee\/wp-content\/uploads\/2025\/06\/Dharma-Resort-Summer-Photos-June-2025-3-1536x1150.jpg 1536w, https:\/\/dharmaresort.ee\/wp-content\/uploads\/2025\/06\/Dharma-Resort-Summer-Photos-June-2025-3-2048x1534.jpg 2048w, https:\/\/dharmaresort.ee\/wp-content\/uploads\/2025\/06\/Dharma-Resort-Summer-Photos-June-2025-3-1568x1174.jpg 1568w\" sizes=\"auto, (max-width: 2560px) 100vw, 2560px\" \/><span aria-hidden=\"true\" class=\"wp-block-cover__background has-background-dim-10 has-background-dim\" style=\"background-color:#9f9d9c\"><\/span><div class=\"wp-block-cover__inner-container is-layout-flow wp-container-core-cover-is-layout-8e20e5a7 wp-block-cover-is-layout-flow\">\n<div class=\"wp-block-columns is-layout-flex wp-container-core-columns-is-layout-d7d455e7 wp-block-columns-is-layout-flex\" style=\"padding-top:0;padding-right:0;padding-bottom:0;padding-left:0\">\n<div class=\"wp-block-column is-vertically-aligned-center has-background is-layout-flow wp-block-column-is-layout-flow\" style=\"background-color:#dbd3ccb8;padding-top:var(--wp--preset--spacing--40);padding-right:var(--wp--preset--spacing--40);padding-bottom:var(--wp--preset--spacing--40);padding-left:var(--wp--preset--spacing--40);flex-basis:500px\">\n<h3 class=\"wp-block-heading has-text-color\" style=\"color:#474a4c;font-size:30px\">SATI HOUSE<\/h3>\n\n\n\n<p class=\"has-text-color\" style=\"color:#474a4c;font-size:16px;font-style:normal;font-weight:300\">Inspiriert vom Dharma-Rad-Prinzip der Achtsamkeit (Sati) vertieft dieses Haus Ihre Verbindung zum gegenw\u00e4rtigen Moment Jedes Detail f\u00f6rdert die Achtsamkeit \u2013 von den Texturen, die Ihre Sinne erw\u00e4rmen, bis hin zur Offenheit, die den Geist beruhigt. Das Sati House ist auf Stille, Komfort und sanfte Aufmerksamkeit ausgelegt. Ein 250 m langer Holzsteg f\u00fchrt Sie in den Wald, wo Sie lauschen, atmen und einfach nur sein k\u00f6nnen.<\/p>\n\n\n\n<div class=\"wp-block-buttons is-layout-flex wp-block-buttons-is-layout-flex\">\n<div class=\"wp-block-button is-style-fill\"><a class=\"wp-block-button__link has-white-color has-text-color wp-element-button\" href=\"https:\/\/bouk.io\/booking\/dharma\/633\/rooms?language=de\" target=\"_blank\" rel=\"noreferrer noopener\">AUFENTHALT ANFRAGEN<\/a><\/div>\n\n\n\n<div class=\"wp-block-button is-style-fill\"><a class=\"wp-block-button__link has-white-color has-text-color wp-element-button\" href=\"https:\/\/dharmaresort.ee\/de\/sati-house-galerie\/\">GALERIE<\/a><\/div>\n<\/div>\n\n\n\n<p class=\"has-medium-font-size\"><\/p>\n<\/div>\n<\/div>\n<\/div><\/div>\n<\/div>\n<\/div>\n\n\n\n<div style=\"height:40px\" aria-hidden=\"true\" class=\"wp-block-spacer mobile-spacer-5\"><\/div>\n\n\n\n<figure class=\"wp-block-image aligncenter size-thumbnail is-resized\"><img loading=\"lazy\" decoding=\"async\" width=\"150\" height=\"150\" src=\"https:\/\/dharmaresort.ee\/wp-content\/uploads\/2024\/07\/pattern_gold-150x150.png\" alt=\"\" class=\"wp-image-102\" style=\"width:70px\" srcset=\"https:\/\/dharmaresort.ee\/wp-content\/uploads\/2024\/07\/pattern_gold-150x150.png 150w, https:\/\/dharmaresort.ee\/wp-content\/uploads\/2024\/07\/pattern_gold.png 316w\" sizes=\"auto, (max-width: 150px) 100vw, 150px\" \/><\/figure>\n\n\n\n<div style=\"height:40px\" aria-hidden=\"true\" class=\"wp-block-spacer mobile-spacer-5\"><\/div>\n\n\n\n<p><\/p>\n","protected":false},"excerpt":{"rendered":"<p>\u201eEs gibt einen ruhigen Rhythmus, der im Dharma lebt \u2013 einen Atemzug, der durch die B\u00e4ume, das Meer und den Raum dazwischen str\u00f6mt. Hier verlangsamt sich das Leben, und jedes Detail wird von einer einzigen Absicht geleitet: Ihnen dabei zu helfen, zu dem zur\u00fcckzufinden, was wirklich wichtig ist. Wir laden Sie ein, den Geist dieses [&hellip;]<\/p>\n","protected":false},"author":2,"featured_media":0,"parent":0,"menu_order":0,"comment_status":"closed","ping_status":"closed","template":"","meta":{"footnotes":""},"class_list":["post-1500","page","type-page","status-publish","hentry"],"yoast_head":"<!-- This site is optimized with the Yoast SEO plugin v27.5 - https:\/\/yoast.com\/product\/yoast-seo-wordpress\/ -->\n<title>Samadhi &amp; Sati Houses \u2013 Wellness Retreat Villas on Muhu Island<\/title>\n<meta name=\"description\" content=\"Discover the Samadhi and Sati Houses at Dharma Resort, Muhu Estonia \u2014 tranquil wellness villas designed for meditation and mindfulness\" \/>\n<meta name=\"robots\" content=\"index, follow, max-snippet:-1, max-image-preview:large, max-video-preview:-1\" \/>\n<link rel=\"canonical\" href=\"https:\/\/dharmaresort.ee\/de\/unsere-refugien\/\" \/>\n<meta property=\"og:locale\" content=\"de_DE\" \/>\n<meta property=\"og:type\" content=\"article\" \/>\n<meta property=\"og:title\" content=\"Samadhi &amp; Sati Houses \u2013 Wellness Retreat Villas on Muhu Island\" \/>\n<meta property=\"og:description\" content=\"Discover the Samadhi and Sati Houses at Dharma Resort, Muhu Estonia \u2014 tranquil wellness villas designed for meditation and mindfulness\" \/>\n<meta property=\"og:url\" content=\"https:\/\/dharmaresort.ee\/de\/unsere-refugien\/\" \/>\n<meta property=\"og:site_name\" content=\"Dharma Resort\" \/>\n<meta property=\"article:modified_time\" content=\"2026-04-23T10:19:06+00:00\" \/>\n<meta property=\"og:image\" content=\"https:\/\/dharmaresort.ee\/wp-content\/uploads\/2025\/08\/Wheel-logo.png\" \/>\n\t<meta property=\"og:image:width\" content=\"882\" \/>\n\t<meta property=\"og:image:height\" content=\"841\" \/>\n\t<meta property=\"og:image:type\" content=\"image\/png\" \/>\n<meta name=\"twitter:card\" content=\"summary_large_image\" \/>\n<meta name=\"twitter:label1\" content=\"Gesch\u00e4tzte Lesezeit\" \/>\n\t<meta name=\"twitter:data1\" content=\"4\u00a0Minuten\" \/>\n<script type=\"application\/ld+json\" class=\"yoast-schema-graph\">{\"@context\":\"https:\\\/\\\/schema.org\",\"@graph\":[{\"@type\":\"WebPage\",\"@id\":\"https:\\\/\\\/dharmaresort.ee\\\/de\\\/unsere-refugien\\\/\",\"url\":\"https:\\\/\\\/dharmaresort.ee\\\/de\\\/unsere-refugien\\\/\",\"name\":\"Samadhi & Sati Houses \u2013 Wellness Retreat Villas on Muhu Island\",\"isPartOf\":{\"@id\":\"https:\\\/\\\/dharmaresort.ee\\\/#website\"},\"primaryImageOfPage\":{\"@id\":\"https:\\\/\\\/dharmaresort.ee\\\/de\\\/unsere-refugien\\\/#primaryimage\"},\"image\":{\"@id\":\"https:\\\/\\\/dharmaresort.ee\\\/de\\\/unsere-refugien\\\/#primaryimage\"},\"thumbnailUrl\":\"https:\\\/\\\/dharmaresort.ee\\\/wp-content\\\/uploads\\\/2025\\\/08\\\/Wheel-logo.png\",\"datePublished\":\"2024-09-03T10:13:51+00:00\",\"dateModified\":\"2026-04-23T10:19:06+00:00\",\"description\":\"Discover the Samadhi and Sati Houses at Dharma Resort, Muhu Estonia \u2014 tranquil wellness villas designed for meditation and mindfulness\",\"breadcrumb\":{\"@id\":\"https:\\\/\\\/dharmaresort.ee\\\/de\\\/unsere-refugien\\\/#breadcrumb\"},\"inLanguage\":\"de\",\"potentialAction\":[{\"@type\":\"ReadAction\",\"target\":[\"https:\\\/\\\/dharmaresort.ee\\\/de\\\/unsere-refugien\\\/\"]}]},{\"@type\":\"ImageObject\",\"inLanguage\":\"de\",\"@id\":\"https:\\\/\\\/dharmaresort.ee\\\/de\\\/unsere-refugien\\\/#primaryimage\",\"url\":\"https:\\\/\\\/dharmaresort.ee\\\/wp-content\\\/uploads\\\/2025\\\/08\\\/Wheel-logo.png\",\"contentUrl\":\"https:\\\/\\\/dharmaresort.ee\\\/wp-content\\\/uploads\\\/2025\\\/08\\\/Wheel-logo.png\"},{\"@type\":\"BreadcrumbList\",\"@id\":\"https:\\\/\\\/dharmaresort.ee\\\/de\\\/unsere-refugien\\\/#breadcrumb\",\"itemListElement\":[{\"@type\":\"ListItem\",\"position\":1,\"name\":\"Home\",\"item\":\"https:\\\/\\\/dharmaresort.ee\\\/de\\\/\"},{\"@type\":\"ListItem\",\"position\":2,\"name\":\"UNSERE REFUGIEN\"}]},{\"@type\":\"WebSite\",\"@id\":\"https:\\\/\\\/dharmaresort.ee\\\/#website\",\"url\":\"https:\\\/\\\/dharmaresort.ee\\\/\",\"name\":\"Dharma Resort - Resort in Muhumaa I Saaremaa\",\"description\":\"\",\"potentialAction\":[{\"@type\":\"SearchAction\",\"target\":{\"@type\":\"EntryPoint\",\"urlTemplate\":\"https:\\\/\\\/dharmaresort.ee\\\/?s={search_term_string}\"},\"query-input\":{\"@type\":\"PropertyValueSpecification\",\"valueRequired\":true,\"valueName\":\"search_term_string\"}}],\"inLanguage\":\"de\"}]}<\/script>\n<!-- \/ Yoast SEO plugin. -->","yoast_head_json":{"title":"Samadhi & Sati Houses \u2013 Wellness Retreat Villas on Muhu Island","description":"Discover the Samadhi and Sati Houses at Dharma Resort, Muhu Estonia \u2014 tranquil wellness villas designed for meditation and mindfulness","robots":{"index":"index","follow":"follow","max-snippet":"max-snippet:-1","max-image-preview":"max-image-preview:large","max-video-preview":"max-video-preview:-1"},"canonical":"https:\/\/dharmaresort.ee\/de\/unsere-refugien\/","og_locale":"de_DE","og_type":"article","og_title":"Samadhi & Sati Houses \u2013 Wellness Retreat Villas on Muhu Island","og_description":"Discover the Samadhi and Sati Houses at Dharma Resort, Muhu Estonia \u2014 tranquil wellness villas designed for meditation and mindfulness","og_url":"https:\/\/dharmaresort.ee\/de\/unsere-refugien\/","og_site_name":"Dharma Resort","article_modified_time":"2026-04-23T10:19:06+00:00","og_image":[{"width":882,"height":841,"url":"https:\/\/dharmaresort.ee\/wp-content\/uploads\/2025\/08\/Wheel-logo.png","type":"image\/png"}],"twitter_card":"summary_large_image","twitter_misc":{"Gesch\u00e4tzte Lesezeit":"4\u00a0Minuten"},"schema":{"@context":"https:\/\/schema.org","@graph":[{"@type":"WebPage","@id":"https:\/\/dharmaresort.ee\/de\/unsere-refugien\/","url":"https:\/\/dharmaresort.ee\/de\/unsere-refugien\/","name":"Samadhi & Sati Houses \u2013 Wellness Retreat Villas on Muhu Island","isPartOf":{"@id":"https:\/\/dharmaresort.ee\/#website"},"primaryImageOfPage":{"@id":"https:\/\/dharmaresort.ee\/de\/unsere-refugien\/#primaryimage"},"image":{"@id":"https:\/\/dharmaresort.ee\/de\/unsere-refugien\/#primaryimage"},"thumbnailUrl":"https:\/\/dharmaresort.ee\/wp-content\/uploads\/2025\/08\/Wheel-logo.png","datePublished":"2024-09-03T10:13:51+00:00","dateModified":"2026-04-23T10:19:06+00:00","description":"Discover the Samadhi and Sati Houses at Dharma Resort, Muhu Estonia \u2014 tranquil wellness villas designed for meditation and mindfulness","breadcrumb":{"@id":"https:\/\/dharmaresort.ee\/de\/unsere-refugien\/#breadcrumb"},"inLanguage":"de","potentialAction":[{"@type":"ReadAction","target":["https:\/\/dharmaresort.ee\/de\/unsere-refugien\/"]}]},{"@type":"ImageObject","inLanguage":"de","@id":"https:\/\/dharmaresort.ee\/de\/unsere-refugien\/#primaryimage","url":"https:\/\/dharmaresort.ee\/wp-content\/uploads\/2025\/08\/Wheel-logo.png","contentUrl":"https:\/\/dharmaresort.ee\/wp-content\/uploads\/2025\/08\/Wheel-logo.png"},{"@type":"BreadcrumbList","@id":"https:\/\/dharmaresort.ee\/de\/unsere-refugien\/#breadcrumb","itemListElement":[{"@type":"ListItem","position":1,"name":"Home","item":"https:\/\/dharmaresort.ee\/de\/"},{"@type":"ListItem","position":2,"name":"UNSERE REFUGIEN"}]},{"@type":"WebSite","@id":"https:\/\/dharmaresort.ee\/#website","url":"https:\/\/dharmaresort.ee\/","name":"Dharma Resort - Resort in Muhumaa I Saaremaa","description":"","potentialAction":[{"@type":"SearchAction","target":{"@type":"EntryPoint","urlTemplate":"https:\/\/dharmaresort.ee\/?s={search_term_string}"},"query-input":{"@type":"PropertyValueSpecification","valueRequired":true,"valueName":"search_term_string"}}],"inLanguage":"de"}]}},"_links":{"self":[{"href":"https:\/\/dharmaresort.ee\/de\/wp-json\/wp\/v2\/pages\/1500","targetHints":{"allow":["GET"]}}],"collection":[{"href":"https:\/\/dharmaresort.ee\/de\/wp-json\/wp\/v2\/pages"}],"about":[{"href":"https:\/\/dharmaresort.ee\/de\/wp-json\/wp\/v2\/types\/page"}],"author":[{"embeddable":true,"href":"https:\/\/dharmaresort.ee\/de\/wp-json\/wp\/v2\/users\/2"}],"replies":[{"embeddable":true,"href":"https:\/\/dharmaresort.ee\/de\/wp-json\/wp\/v2\/comments?post=1500"}],"version-history":[{"count":23,"href":"https:\/\/dharmaresort.ee\/de\/wp-json\/wp\/v2\/pages\/1500\/revisions"}],"predecessor-version":[{"id":2394,"href":"https:\/\/dharmaresort.ee\/de\/wp-json\/wp\/v2\/pages\/1500\/revisions\/2394"}],"wp:attachment":[{"href":"https:\/\/dharmaresort.ee\/de\/wp-json\/wp\/v2\/media?parent=1500"}],"curies":[{"name":"wp","href":"https:\/\/api.w.org\/{rel}","templated":true}]}}