{"id":1487,"date":"2025-10-30T10:06:22","date_gmt":"2025-10-30T10:06:22","guid":{"rendered":"https:\/\/dharmaresort.ee\/dharma-stillness\/"},"modified":"2026-04-23T16:25:55","modified_gmt":"2026-04-23T16:25:55","slug":"dharma-stillness","status":"publish","type":"page","link":"https:\/\/dharmaresort.ee\/de\/dharma-stillness\/","title":{"rendered":"Dharma Stillness"},"content":{"rendered":"\n<div class=\"wp-block-cover alignfull\" style=\"min-height:414px;aspect-ratio:unset;\"><img loading=\"lazy\" decoding=\"async\" width=\"2560\" height=\"1917\" class=\"wp-block-cover__image-background wp-image-919 size-full\" alt=\"\" src=\"https:\/\/dharmaresort.ee\/wp-content\/uploads\/2025\/10\/Dharma-Resort-Summer-Photos-June-2025-23-scaled.jpg\" style=\"object-position:46% 57%\" data-object-fit=\"cover\" data-object-position=\"46% 57%\" srcset=\"https:\/\/dharmaresort.ee\/wp-content\/uploads\/2025\/10\/Dharma-Resort-Summer-Photos-June-2025-23-scaled.jpg 2560w, https:\/\/dharmaresort.ee\/wp-content\/uploads\/2025\/10\/Dharma-Resort-Summer-Photos-June-2025-23-300x225.jpg 300w, https:\/\/dharmaresort.ee\/wp-content\/uploads\/2025\/10\/Dharma-Resort-Summer-Photos-June-2025-23-1024x767.jpg 1024w, https:\/\/dharmaresort.ee\/wp-content\/uploads\/2025\/10\/Dharma-Resort-Summer-Photos-June-2025-23-768x575.jpg 768w, https:\/\/dharmaresort.ee\/wp-content\/uploads\/2025\/10\/Dharma-Resort-Summer-Photos-June-2025-23-1536x1150.jpg 1536w, https:\/\/dharmaresort.ee\/wp-content\/uploads\/2025\/10\/Dharma-Resort-Summer-Photos-June-2025-23-2048x1534.jpg 2048w, https:\/\/dharmaresort.ee\/wp-content\/uploads\/2025\/10\/Dharma-Resort-Summer-Photos-June-2025-23-1568x1174.jpg 1568w\" sizes=\"auto, (max-width: 2560px) 100vw, 2560px\" \/><span aria-hidden=\"true\" class=\"wp-block-cover__background has-background-dim-0 has-background-dim\"><\/span><div class=\"wp-block-cover__inner-container is-layout-flow wp-block-cover-is-layout-flow\">\n<p class=\"has-text-align-center has-large-font-size\"><\/p>\n<\/div><\/div>\n\n\n\n<div style=\"height:40px\" aria-hidden=\"true\" class=\"wp-block-spacer mobile-spacer-5\"><\/div>\n\n\n\n<h4 class=\"wp-block-heading has-text-align-center\" style=\"letter-spacing:2px\">DHARMA STILLNESS<\/h4>\n\n\n\n<p class=\"has-text-align-center has-medium-font-size\"><strong>2 N\u00e4chte \u00b7 Natur &amp; Ruhe<\/strong><\/p>\n\n\n\n<p class=\"has-text-align-center\" style=\"font-size:16px;letter-spacing:0.5px\">Es gibt Momente im Leben, in denen die Welt zu laut erscheint \u2013 in denen wir uns nach ruhigen Morgenstunden, sanften Bewegungen und einer R\u00fcckkehr zum einfachen Rhythmus des Seins sehnen. Dharma Stillness wurde f\u00fcr diejenigen geschaffen, die innehalten und wieder durchatmen m\u00f6chten. Dieses Retreat ist ein Refugium f\u00fcr die Sinne: Sie werden vom Vogelgezwitscher geweckt, strecken sich im sanften Morgenlicht, spazieren durch unber\u00fchrte<br>Moorlandschaften und genie\u00dfen mit Sorgfalt zubereitete, wohlschmeckende Mahlzeiten. Es geht nicht darum, etwas zu tun \u2013 es geht darum, loszulassen: Spannungen abzubauen, das Tempo zu verlangsamen und sich an die Sch\u00f6nheit der Stille selbst zu erinnern.<\/p>\n\n\n\n<p class=\"has-text-align-center\" style=\"font-size:16px;letter-spacing:0.5px\"><strong>Hier vergeht die Zeit nicht im Eiltempo. Sie entfaltet sich einfach.<\/strong><\/p>\n\n\n\n<div style=\"height:40px\" aria-hidden=\"true\" class=\"wp-block-spacer mobile-spacer-5\"><\/div>\n\n\n\n<div class=\"wp-block-columns alignwide has-background is-layout-flex wp-container-core-columns-is-layout-954ec4bb wp-block-columns-is-layout-flex\" style=\"background-color:#dbd3cce6;padding-right:var(--wp--preset--spacing--40);padding-left:var(--wp--preset--spacing--40)\">\n<div class=\"wp-block-column is-layout-flow wp-block-column-is-layout-flow\" style=\"padding-right:var(--wp--preset--spacing--40);padding-left:var(--wp--preset--spacing--40)\">\n<h2 class=\"wp-block-heading\">Ablauf<\/h2>\n\n\n\n<p><strong><br>Tag 1 \u2013 Ankommen &amp; Loslassen<\/strong><\/p>\n\n\n\n<ul class=\"wp-block-list\">\n<li>Check-in ab 16:00 Uhr <\/li>\n\n\n\n<li>Begr\u00fc\u00dfung mit Getr\u00e4nken<\/li>\n\n\n\n<li>3-G\u00e4nge-Abendessen (Wein \u00e0 la carte)<\/li>\n<\/ul>\n\n\n\n<p><strong><br>Tag 2 \u2013 Natur &amp; Pr\u00e4senz<\/strong><\/p>\n\n\n\n<ul class=\"wp-block-list\">\n<li>Morgen-Yoga-Session (1 Stunde)<\/li>\n\n\n\n<li>Fr\u00fchst\u00fcck<\/li>\n\n\n\n<li>Gef\u00fchrte Wanderung durch estnisches Moor oder W\u00e4lder, gefolgt von einem Picknick und stiller Besinnung<\/li>\n\n\n\n<li>Freie Zeit f\u00fcr Sauna, Lesen oder Ausruhen<\/li>\n\n\n\n<li>3-G\u00e4nge-Abendessen (Wein \u00e0 la carte)<\/li>\n<\/ul>\n\n\n\n<p><strong><br>Tag 3 \u2013 Abreise<\/strong><\/p>\n\n\n\n<ul class=\"wp-block-list\">\n<li>Fr\u00fchst\u00fcck<\/li>\n\n\n\n<li>gem\u00fctliches Auschecken um 12:00 Uhr<\/li>\n<\/ul>\n\n\n\n<div class=\"wp-block-buttons is-layout-flex wp-block-buttons-is-layout-flex\">\n<div class=\"wp-block-button\"><a class=\"wp-block-button__link wp-element-button\" href=\"https:\/\/bouk.io\/booking\/dharma\/633\/rate\/7802?language=de&amp;adults=2&amp;skip=1&amp;nights=2\" target=\"_blank\" rel=\"noreferrer noopener\">DIESES ERLEBNIS ANFRAGEN<\/a><\/div>\n<\/div>\n<\/div>\n\n\n\n<div class=\"wp-block-column is-layout-flow wp-block-column-is-layout-flow\" style=\"padding-right:var(--wp--preset--spacing--40);padding-left:var(--wp--preset--spacing--40)\">\n<figure class=\"wp-block-image size-large\"><img loading=\"lazy\" decoding=\"async\" width=\"768\" height=\"1024\" src=\"https:\/\/dharmaresort.ee\/wp-content\/uploads\/2025\/11\/Dharma-Stillness-768x1024.jpg\" alt=\"alt=&quot;Dharma Bog Walking&quot;\" class=\"wp-image-1129\" style=\"aspect-ratio:1;object-fit:cover\" srcset=\"https:\/\/dharmaresort.ee\/wp-content\/uploads\/2025\/11\/Dharma-Stillness-768x1024.jpg 768w, https:\/\/dharmaresort.ee\/wp-content\/uploads\/2025\/11\/Dharma-Stillness-225x300.jpg 225w, https:\/\/dharmaresort.ee\/wp-content\/uploads\/2025\/11\/Dharma-Stillness-1152x1536.jpg 1152w, https:\/\/dharmaresort.ee\/wp-content\/uploads\/2025\/11\/Dharma-Stillness-1536x2048.jpg 1536w, https:\/\/dharmaresort.ee\/wp-content\/uploads\/2025\/11\/Dharma-Stillness-1568x2091.jpg 1568w, https:\/\/dharmaresort.ee\/wp-content\/uploads\/2025\/11\/Dharma-Stillness-scaled.jpg 1920w\" sizes=\"auto, (max-width: 768px) 100vw, 768px\" \/><\/figure>\n\n\n\n<p><strong><br>Inklusive:<\/strong><\/p>\n\n\n\n<ul class=\"wp-block-list\">\n<li>2 N\u00e4chte f\u00fcr bis zu 2 Personen<\/li>\n\n\n\n<li>Alle Mahlzeiten inklusive (Getr\u00e4nke \u00e0 la carte) <\/li>\n\n\n\n<li>Yoga &amp; gef\u00fchrte Moor- oder Waldwanderung<\/li>\n<\/ul>\n\n\n\n<h2 class=\"wp-block-heading\">Ab 2460\u20ac<\/h2>\n<\/div>\n<\/div>\n\n\n\n<div style=\"height:40px\" aria-hidden=\"true\" class=\"wp-block-spacer mobile-spacer-5\"><\/div>\n\n\n\n<blockquote class=\"wp-block-quote is-style-plain has-medium-font-size is-layout-flow wp-block-quote-is-layout-flow\">\n<p class=\"has-text-align-center\" style=\"font-size:16px\">\u201eEin Ort, an dem Einfachheit und Seele ihr Gleichgewicht finden.\u201c<\/p>\n<\/blockquote>\n\n\n\n<div style=\"height:10px\" aria-hidden=\"true\" class=\"wp-block-spacer mobile-spacer-5\"><\/div>\n\n\n\n<figure class=\"wp-block-image aligncenter size-thumbnail is-resized\"><img loading=\"lazy\" decoding=\"async\" width=\"150\" height=\"150\" src=\"https:\/\/dharmaresort.ee\/wp-content\/uploads\/2024\/07\/pattern_gold-150x150.png\" alt=\"\" class=\"wp-image-102\" style=\"width:70px\" srcset=\"https:\/\/dharmaresort.ee\/wp-content\/uploads\/2024\/07\/pattern_gold-150x150.png 150w, https:\/\/dharmaresort.ee\/wp-content\/uploads\/2024\/07\/pattern_gold.png 316w\" sizes=\"auto, (max-width: 150px) 100vw, 150px\" \/><\/figure>\n\n\n\n<div style=\"height:40px\" aria-hidden=\"true\" class=\"wp-block-spacer mobile-spacer-5\"><\/div>\n","protected":false},"excerpt":{"rendered":"<p>DHARMA STILLNESS 2 N\u00e4chte \u00b7 Natur &amp; Ruhe Es gibt Momente im Leben, in denen die Welt zu laut erscheint \u2013 in denen wir uns nach ruhigen Morgenstunden, sanften Bewegungen und einer R\u00fcckkehr zum einfachen Rhythmus des Seins sehnen. Dharma Stillness wurde f\u00fcr diejenigen geschaffen, die innehalten und wieder durchatmen m\u00f6chten. Dieses Retreat ist ein [&hellip;]<\/p>\n","protected":false},"author":2,"featured_media":0,"parent":0,"menu_order":0,"comment_status":"closed","ping_status":"closed","template":"","meta":{"footnotes":""},"class_list":["post-1487","page","type-page","status-publish","hentry"],"yoast_head":"<!-- This site is optimized with the Yoast SEO plugin v27.5 - https:\/\/yoast.com\/product\/yoast-seo-wordpress\/ -->\n<title>Dharma Stillness | Dharma Resort<\/title>\n<meta name=\"description\" content=\"Discover the meaning of dharma \u2014 a way of living in flow and harmony. At Dharma Resort, every moment invites you back to your natural rhythm.\" \/>\n<meta name=\"robots\" content=\"index, follow, max-snippet:-1, max-image-preview:large, max-video-preview:-1\" \/>\n<link rel=\"canonical\" href=\"https:\/\/dharmaresort.ee\/de\/dharma-stillness\/\" \/>\n<meta property=\"og:locale\" content=\"de_DE\" \/>\n<meta property=\"og:type\" content=\"article\" \/>\n<meta property=\"og:title\" content=\"Dharma Stillness | Dharma Resort\" \/>\n<meta property=\"og:description\" content=\"Discover the meaning of dharma \u2014 a way of living in flow and harmony. At Dharma Resort, every moment invites you back to your natural rhythm.\" \/>\n<meta property=\"og:url\" content=\"https:\/\/dharmaresort.ee\/de\/dharma-stillness\/\" \/>\n<meta property=\"og:site_name\" content=\"Dharma Resort\" \/>\n<meta property=\"article:modified_time\" content=\"2026-04-23T16:25:55+00:00\" \/>\n<meta property=\"og:image\" content=\"https:\/\/dharmaresort.ee\/wp-content\/uploads\/2025\/10\/Dharma-Resort-Summer-Photos-June-2025-23-scaled.jpg\" \/>\n\t<meta property=\"og:image:width\" content=\"2560\" \/>\n\t<meta property=\"og:image:height\" content=\"1917\" \/>\n\t<meta property=\"og:image:type\" content=\"image\/jpeg\" \/>\n<meta name=\"twitter:card\" content=\"summary_large_image\" \/>\n<meta name=\"twitter:label1\" content=\"Gesch\u00e4tzte Lesezeit\" \/>\n\t<meta name=\"twitter:data1\" content=\"2\u00a0Minuten\" \/>\n<script type=\"application\/ld+json\" class=\"yoast-schema-graph\">{\"@context\":\"https:\\\/\\\/schema.org\",\"@graph\":[{\"@type\":\"WebPage\",\"@id\":\"https:\\\/\\\/dharmaresort.ee\\\/de\\\/dharma-stillness\\\/\",\"url\":\"https:\\\/\\\/dharmaresort.ee\\\/de\\\/dharma-stillness\\\/\",\"name\":\"Dharma Stillness | Dharma Resort\",\"isPartOf\":{\"@id\":\"https:\\\/\\\/dharmaresort.ee\\\/#website\"},\"primaryImageOfPage\":{\"@id\":\"https:\\\/\\\/dharmaresort.ee\\\/de\\\/dharma-stillness\\\/#primaryimage\"},\"image\":{\"@id\":\"https:\\\/\\\/dharmaresort.ee\\\/de\\\/dharma-stillness\\\/#primaryimage\"},\"thumbnailUrl\":\"https:\\\/\\\/dharmaresort.ee\\\/wp-content\\\/uploads\\\/2025\\\/10\\\/Dharma-Resort-Summer-Photos-June-2025-23-scaled.jpg\",\"datePublished\":\"2025-10-30T10:06:22+00:00\",\"dateModified\":\"2026-04-23T16:25:55+00:00\",\"description\":\"Discover the meaning of dharma \u2014 a way of living in flow and harmony. At Dharma Resort, every moment invites you back to your natural rhythm.\",\"breadcrumb\":{\"@id\":\"https:\\\/\\\/dharmaresort.ee\\\/de\\\/dharma-stillness\\\/#breadcrumb\"},\"inLanguage\":\"de\",\"potentialAction\":[{\"@type\":\"ReadAction\",\"target\":[\"https:\\\/\\\/dharmaresort.ee\\\/de\\\/dharma-stillness\\\/\"]}]},{\"@type\":\"ImageObject\",\"inLanguage\":\"de\",\"@id\":\"https:\\\/\\\/dharmaresort.ee\\\/de\\\/dharma-stillness\\\/#primaryimage\",\"url\":\"https:\\\/\\\/dharmaresort.ee\\\/wp-content\\\/uploads\\\/2025\\\/10\\\/Dharma-Resort-Summer-Photos-June-2025-23-scaled.jpg\",\"contentUrl\":\"https:\\\/\\\/dharmaresort.ee\\\/wp-content\\\/uploads\\\/2025\\\/10\\\/Dharma-Resort-Summer-Photos-June-2025-23-scaled.jpg\"},{\"@type\":\"BreadcrumbList\",\"@id\":\"https:\\\/\\\/dharmaresort.ee\\\/de\\\/dharma-stillness\\\/#breadcrumb\",\"itemListElement\":[{\"@type\":\"ListItem\",\"position\":1,\"name\":\"Home\",\"item\":\"https:\\\/\\\/dharmaresort.ee\\\/de\\\/\"},{\"@type\":\"ListItem\",\"position\":2,\"name\":\"Dharma Stillness\"}]},{\"@type\":\"WebSite\",\"@id\":\"https:\\\/\\\/dharmaresort.ee\\\/#website\",\"url\":\"https:\\\/\\\/dharmaresort.ee\\\/\",\"name\":\"Dharma Resort - Resort in Muhumaa I Saaremaa\",\"description\":\"\",\"potentialAction\":[{\"@type\":\"SearchAction\",\"target\":{\"@type\":\"EntryPoint\",\"urlTemplate\":\"https:\\\/\\\/dharmaresort.ee\\\/?s={search_term_string}\"},\"query-input\":{\"@type\":\"PropertyValueSpecification\",\"valueRequired\":true,\"valueName\":\"search_term_string\"}}],\"inLanguage\":\"de\"}]}<\/script>\n<!-- \/ Yoast SEO plugin. -->","yoast_head_json":{"title":"Dharma Stillness | Dharma Resort","description":"Discover the meaning of dharma \u2014 a way of living in flow and harmony. At Dharma Resort, every moment invites you back to your natural rhythm.","robots":{"index":"index","follow":"follow","max-snippet":"max-snippet:-1","max-image-preview":"max-image-preview:large","max-video-preview":"max-video-preview:-1"},"canonical":"https:\/\/dharmaresort.ee\/de\/dharma-stillness\/","og_locale":"de_DE","og_type":"article","og_title":"Dharma Stillness | Dharma Resort","og_description":"Discover the meaning of dharma \u2014 a way of living in flow and harmony. At Dharma Resort, every moment invites you back to your natural rhythm.","og_url":"https:\/\/dharmaresort.ee\/de\/dharma-stillness\/","og_site_name":"Dharma Resort","article_modified_time":"2026-04-23T16:25:55+00:00","og_image":[{"width":2560,"height":1917,"url":"https:\/\/dharmaresort.ee\/wp-content\/uploads\/2025\/10\/Dharma-Resort-Summer-Photos-June-2025-23-scaled.jpg","type":"image\/jpeg"}],"twitter_card":"summary_large_image","twitter_misc":{"Gesch\u00e4tzte Lesezeit":"2\u00a0Minuten"},"schema":{"@context":"https:\/\/schema.org","@graph":[{"@type":"WebPage","@id":"https:\/\/dharmaresort.ee\/de\/dharma-stillness\/","url":"https:\/\/dharmaresort.ee\/de\/dharma-stillness\/","name":"Dharma Stillness | Dharma Resort","isPartOf":{"@id":"https:\/\/dharmaresort.ee\/#website"},"primaryImageOfPage":{"@id":"https:\/\/dharmaresort.ee\/de\/dharma-stillness\/#primaryimage"},"image":{"@id":"https:\/\/dharmaresort.ee\/de\/dharma-stillness\/#primaryimage"},"thumbnailUrl":"https:\/\/dharmaresort.ee\/wp-content\/uploads\/2025\/10\/Dharma-Resort-Summer-Photos-June-2025-23-scaled.jpg","datePublished":"2025-10-30T10:06:22+00:00","dateModified":"2026-04-23T16:25:55+00:00","description":"Discover the meaning of dharma \u2014 a way of living in flow and harmony. At Dharma Resort, every moment invites you back to your natural rhythm.","breadcrumb":{"@id":"https:\/\/dharmaresort.ee\/de\/dharma-stillness\/#breadcrumb"},"inLanguage":"de","potentialAction":[{"@type":"ReadAction","target":["https:\/\/dharmaresort.ee\/de\/dharma-stillness\/"]}]},{"@type":"ImageObject","inLanguage":"de","@id":"https:\/\/dharmaresort.ee\/de\/dharma-stillness\/#primaryimage","url":"https:\/\/dharmaresort.ee\/wp-content\/uploads\/2025\/10\/Dharma-Resort-Summer-Photos-June-2025-23-scaled.jpg","contentUrl":"https:\/\/dharmaresort.ee\/wp-content\/uploads\/2025\/10\/Dharma-Resort-Summer-Photos-June-2025-23-scaled.jpg"},{"@type":"BreadcrumbList","@id":"https:\/\/dharmaresort.ee\/de\/dharma-stillness\/#breadcrumb","itemListElement":[{"@type":"ListItem","position":1,"name":"Home","item":"https:\/\/dharmaresort.ee\/de\/"},{"@type":"ListItem","position":2,"name":"Dharma Stillness"}]},{"@type":"WebSite","@id":"https:\/\/dharmaresort.ee\/#website","url":"https:\/\/dharmaresort.ee\/","name":"Dharma Resort - Resort in Muhumaa I Saaremaa","description":"","potentialAction":[{"@type":"SearchAction","target":{"@type":"EntryPoint","urlTemplate":"https:\/\/dharmaresort.ee\/?s={search_term_string}"},"query-input":{"@type":"PropertyValueSpecification","valueRequired":true,"valueName":"search_term_string"}}],"inLanguage":"de"}]}},"_links":{"self":[{"href":"https:\/\/dharmaresort.ee\/de\/wp-json\/wp\/v2\/pages\/1487","targetHints":{"allow":["GET"]}}],"collection":[{"href":"https:\/\/dharmaresort.ee\/de\/wp-json\/wp\/v2\/pages"}],"about":[{"href":"https:\/\/dharmaresort.ee\/de\/wp-json\/wp\/v2\/types\/page"}],"author":[{"embeddable":true,"href":"https:\/\/dharmaresort.ee\/de\/wp-json\/wp\/v2\/users\/2"}],"replies":[{"embeddable":true,"href":"https:\/\/dharmaresort.ee\/de\/wp-json\/wp\/v2\/comments?post=1487"}],"version-history":[{"count":10,"href":"https:\/\/dharmaresort.ee\/de\/wp-json\/wp\/v2\/pages\/1487\/revisions"}],"predecessor-version":[{"id":2465,"href":"https:\/\/dharmaresort.ee\/de\/wp-json\/wp\/v2\/pages\/1487\/revisions\/2465"}],"wp:attachment":[{"href":"https:\/\/dharmaresort.ee\/de\/wp-json\/wp\/v2\/media?parent=1487"}],"curies":[{"name":"wp","href":"https:\/\/api.w.org\/{rel}","templated":true}]}}